{"id":67,"date":"2025-11-26T14:24:40","date_gmt":"2025-11-26T14:24:40","guid":{"rendered":"https:\/\/www.fire-support.at\/?page_id=67"},"modified":"2025-11-26T14:35:05","modified_gmt":"2025-11-26T14:35:05","slug":"change-log","status":"publish","type":"page","link":"https:\/\/www.fire-support.at\/index.php\/change-log\/","title":{"rendered":"Change-Log"},"content":{"rendered":"\n<div class=\"wp-block-group has-global-padding is-layout-constrained wp-block-group-is-layout-constrained\">\n<p><strong>2025-11-26 Update &#8211; Stempeluhr<\/strong><\/p>\n<ul>\n<li><span style=\"font-size: 20.5715px; letter-spacing: -0.1px;\">Ab sofort ist es m\u00f6glich, bei der Nachbearbeitung der Stempeluhr, weitere Benutzer f\u00fcr einen Eintrag hinzuzuf\u00fcgen.<\/span><\/li>\n<\/ul>\n<hr \/>\n<p>&nbsp;<\/p>\n\n\n\n<p><strong>2025-11-22 Fehlerbehebung<\/strong><\/p>\n<ul>\n<li><span style=\"font-size: 20.5715px; letter-spacing: -0.1px;\">&#8222;Passwort vergessen&#8220; wird jetzt zus\u00e4tzlich an die ausgew\u00e4hlte Hauptdienststelle \u00fcbermittelt<\/span><\/li>\n<li><span style=\"font-size: 20.5715px; letter-spacing: -0.1px;\">Anzeigefehler bei Dienststellen\u00fcbergreifenden Modulen wurde behoben<\/span><\/li>\n<li><span style=\"font-size: 20.5715px; letter-spacing: -0.1px;\">Anzeigefehler bei der Rechtebearbeitung in der Benutzerverwaltung wurde behoben<\/span><\/li>\n<\/ul>\n<hr \/>\n<p>&nbsp;<\/p>\n<\/div>\n\n\n\n<ul class=\"wp-block-list\"><\/ul>\n\n\n\n<p><\/p>\n","protected":false},"excerpt":{"rendered":"<p>2025-11-26 Update &#8211; Stempeluhr Ab sofort ist es m\u00f6glich, bei der Nachbearbeitung der Stempeluhr, weitere Benutzer f\u00fcr einen Eintrag hinzuzuf\u00fcgen. &nbsp; 2025-11-22 Fehlerbehebung &#8222;Passwort vergessen&#8220; wird jetzt zus\u00e4tzlich an die ausgew\u00e4hlte Hauptdienststelle \u00fcbermittelt Anzeigefehler bei Dienststellen\u00fcbergreifenden Modulen wurde behoben Anzeigefehler bei der Rechtebearbeitung in der Benutzerverwaltung wurde behoben &nbsp;<\/p>\n","protected":false},"author":1,"featured_media":0,"parent":0,"menu_order":0,"comment_status":"closed","ping_status":"closed","template":"","meta":{"footnotes":""},"class_list":["post-67","page","type-page","status-publish","hentry"],"_links":{"self":[{"href":"https:\/\/www.fire-support.at\/index.php\/wp-json\/wp\/v2\/pages\/67","targetHints":{"allow":["GET"]}}],"collection":[{"href":"https:\/\/www.fire-support.at\/index.php\/wp-json\/wp\/v2\/pages"}],"about":[{"href":"https:\/\/www.fire-support.at\/index.php\/wp-json\/wp\/v2\/types\/page"}],"author":[{"embeddable":true,"href":"https:\/\/www.fire-support.at\/index.php\/wp-json\/wp\/v2\/users\/1"}],"replies":[{"embeddable":true,"href":"https:\/\/www.fire-support.at\/index.php\/wp-json\/wp\/v2\/comments?post=67"}],"version-history":[{"count":2,"href":"https:\/\/www.fire-support.at\/index.php\/wp-json\/wp\/v2\/pages\/67\/revisions"}],"predecessor-version":[{"id":72,"href":"https:\/\/www.fire-support.at\/index.php\/wp-json\/wp\/v2\/pages\/67\/revisions\/72"}],"wp:attachment":[{"href":"https:\/\/www.fire-support.at\/index.php\/wp-json\/wp\/v2\/media?parent=67"}],"curies":[{"name":"wp","href":"https:\/\/api.w.org\/{rel}","templated":true}]}}