{"id":9,"date":"2022-10-04T09:26:52","date_gmt":"2022-10-04T09:26:52","guid":{"rendered":"http:\/\/www.fire-support.at\/?page_id=9"},"modified":"2025-11-26T14:37:35","modified_gmt":"2025-11-26T14:37:35","slug":"startseite","status":"publish","type":"page","link":"https:\/\/www.fire-support.at\/","title":{"rendered":"Startseite"},"content":{"rendered":"\n<figure class=\"wp-block-image size-full\" style=\"margin-top:var(--wp--preset--spacing--40);margin-bottom:var(--wp--preset--spacing--40)\"><img loading=\"lazy\" decoding=\"async\" width=\"2560\" height=\"1345\" src=\"http:\/\/www.fire-support.at\/wp-content\/uploads\/2025\/11\/IMG_7083-1-scaled.jpg\" alt=\"\" class=\"wp-image-63\" srcset=\"https:\/\/www.fire-support.at\/wp-content\/uploads\/2025\/11\/IMG_7083-1-scaled.jpg 2560w, https:\/\/www.fire-support.at\/wp-content\/uploads\/2025\/11\/IMG_7083-1-300x158.jpg 300w, https:\/\/www.fire-support.at\/wp-content\/uploads\/2025\/11\/IMG_7083-1-768x404.jpg 768w, https:\/\/www.fire-support.at\/wp-content\/uploads\/2025\/11\/IMG_7083-1-1536x807.jpg 1536w, https:\/\/www.fire-support.at\/wp-content\/uploads\/2025\/11\/IMG_7083-1-2048x1076.jpg 2048w\" sizes=\"auto, (max-width: 2560px) 100vw, 2560px\" \/><\/figure>\n\n\n\n<p>Um die Abl\u00e4ufe sowie die Informationsweitergabe innerhalb der Feuerwehr zu optimieren, wurde im Jahr 2024 mit der Entwicklung einer eigenen Softwarel\u00f6sung begonnen. Unter dem Projektnamen <strong>\u201eFireSupport\u201c<\/strong> sind bereits zahlreiche Module entstanden, die sowohl die Verwaltung als auch die Lagef\u00fchrung unterst\u00fctzen. <\/p>\n\n\n\n<p><br>Das zentrale Ziel des Projekts besteht darin, L\u00f6sungen bereitzustellen, die von Feuerwehren und ihren Mitgliedern ohne gro\u00dfen Schulungsaufwand intuitiv genutzt werden k\u00f6nnen.<\/p>\n","protected":false},"excerpt":{"rendered":"<p>Um die Abl\u00e4ufe sowie die Informationsweitergabe innerhalb der Feuerwehr zu optimieren, wurde im Jahr 2024 mit der Entwicklung einer eigenen Softwarel\u00f6sung begonnen. Unter dem Projektnamen \u201eFireSupport\u201c sind bereits zahlreiche Module entstanden, die sowohl die Verwaltung als auch die Lagef\u00fchrung unterst\u00fctzen. Das zentrale Ziel des Projekts besteht darin, L\u00f6sungen bereitzustellen, die von Feuerwehren und ihren Mitgliedern [&hellip;]<\/p>\n","protected":false},"author":1,"featured_media":0,"parent":0,"menu_order":0,"comment_status":"closed","ping_status":"closed","template":"","meta":{"footnotes":""},"class_list":["post-9","page","type-page","status-publish","hentry"],"_links":{"self":[{"href":"https:\/\/www.fire-support.at\/index.php\/wp-json\/wp\/v2\/pages\/9","targetHints":{"allow":["GET"]}}],"collection":[{"href":"https:\/\/www.fire-support.at\/index.php\/wp-json\/wp\/v2\/pages"}],"about":[{"href":"https:\/\/www.fire-support.at\/index.php\/wp-json\/wp\/v2\/types\/page"}],"author":[{"embeddable":true,"href":"https:\/\/www.fire-support.at\/index.php\/wp-json\/wp\/v2\/users\/1"}],"replies":[{"embeddable":true,"href":"https:\/\/www.fire-support.at\/index.php\/wp-json\/wp\/v2\/comments?post=9"}],"version-history":[{"count":5,"href":"https:\/\/www.fire-support.at\/index.php\/wp-json\/wp\/v2\/pages\/9\/revisions"}],"predecessor-version":[{"id":75,"href":"https:\/\/www.fire-support.at\/index.php\/wp-json\/wp\/v2\/pages\/9\/revisions\/75"}],"wp:attachment":[{"href":"https:\/\/www.fire-support.at\/index.php\/wp-json\/wp\/v2\/media?parent=9"}],"curies":[{"name":"wp","href":"https:\/\/api.w.org\/{rel}","templated":true}]}}